{"id":16321,"date":"2023-11-17T09:06:06","date_gmt":"2023-11-17T07:06:06","guid":{"rendered":"https:\/\/mastercar.364plus1.gr\/index.php\/mietbedingungen\/"},"modified":"2026-01-09T22:20:27","modified_gmt":"2026-01-09T20:20:27","slug":"mietbedingungen","status":"publish","type":"page","link":"https:\/\/mastercar-greece.com\/de\/mietbedingungen\/","title":{"rendered":"Mietbedingungen"},"content":{"rendered":"<div class=\"wpb-content-wrapper\"><p>[vc_row woodmart_css_id=&#8220;6575e5464b805&#8243; responsive_spacing=&#8220;eyJwYXJhbV90eXBlIjoid29vZG1hcnRfcmVzcG9uc2l2ZV9zcGFjaW5nIiwic2VsZWN0b3JfaWQiOiI2NTc1ZTU0NjRiODA1Iiwic2hvcnRjb2RlIjoidmNfcm93IiwiZGF0YSI6eyJ0YWJsZXQiOnt9LCJtb2JpbGUiOnt9fX0=&#8220; mobile_bg_img_hidden=&#8220;no&#8220; tablet_bg_img_hidden=&#8220;no&#8220; woodmart_parallax=&#8220;0&#8243; woodmart_gradient_switch=&#8220;no&#8220; woodmart_box_shadow=&#8220;no&#8220; wd_z_index=&#8220;no&#8220; woodmart_disable_overflow=&#8220;0&#8243; row_reverse_mobile=&#8220;0&#8243; row_reverse_tablet=&#8220;0&#8243;][vc_column]\n\t\t<div id=\"wd-6575e5362d74a\" class=\"title-wrapper wd-wpb set-mb-s reset-last-child  wd-rs-6575e5362d74a wd-title-color-alt wd-title-style-simple text-center vc_custom_1702225214362 wd-width-custom wd-underline-colored\">\n\t\t\t\n\t\t\t<div class=\"liner-continer\">\n\t\t\t\t<h4 class=\"woodmart-title-container title  wd-font-weight- wd-fontsize-l\" >MasterCar <u>Greece<\/u> Autovermietung<\/h4>\n\t\t\t\t\t\t\t<\/div>\n\t\t\t\n\t\t\t\n\t\t\t\n\t\t<\/div>\n\t\t\n\t\t\n\t\t<div id=\"wd-65572692c3ac9\" class=\"wd-accordion wd-wpb wd-rs-65572692c3ac9  wd-style-shadow\" data-state=\"all_closed\">\n\t\t\t\t\t\t\t\n\t\t\t\t\n\t\t\t\t<div class=\"wd-accordion-item\">\n\t\t\t\t\t<div class=\"wd-accordion-title font-primary wd-fontsize-s text-left wd-opener-pos-left wd-font-weight-600\" data-accordion-index=\"0\">\n\t\t\t\t\t\t<div class=\"wd-accordion-title-text\">\n\t\t\t\t\t\t\t\t\t\t\t\t\t\t<span>\n\t\t\t\t\t\t\t\tMindestalter des Fahrers und Fahrzeugmieters: 23 Jahre.\t\t\t\t\t\t\t<\/span>\n\t\t\t\t\t\t<\/div>\n\t\t\t\t\t\t<span class=\"wd-accordion-opener wd-opener-style-plus\"><\/span>\n\t\t\t\t\t<\/div>\n\n\t\t\t\t\t<div class=\"wd-accordion-content reset-last-child\" data-accordion-index=\"0\">\n\t\t\t\t\t\t\t\t\t\t\t\t\t\n<ul>\n<li>Maximales Alter des Fahrzeugmieters: 70 Jahre, mit Zusatzversicherung bis 75 Jahre.<\/li>\n<\/ul>\n\t\t\t\t\t\t\t\t\t\t\t<\/div>\n\t\t\t\t<\/div>\n\t\t\t\t\t\t\t\n\t\t\t\t\n\t\t\t\t<div class=\"wd-accordion-item\">\n\t\t\t\t\t<div class=\"wd-accordion-title font-primary wd-fontsize-s text-left wd-opener-pos-left wd-font-weight-600\" data-accordion-index=\"1\">\n\t\t\t\t\t\t<div class=\"wd-accordion-title-text\">\n\t\t\t\t\t\t\t\t\t\t\t\t\t\t<span>\n\t\t\t\t\t\t\t\tF\u00fchrerschein:\t\t\t\t\t\t\t<\/span>\n\t\t\t\t\t\t<\/div>\n\t\t\t\t\t\t<span class=\"wd-accordion-opener wd-opener-style-plus\"><\/span>\n\t\t\t\t\t<\/div>\n\n\t\t\t\t\t<div class=\"wd-accordion-content reset-last-child\" data-accordion-index=\"1\">\n\t\t\t\t\t\t\t\t\t\t\t\t\t<p>Der Fahrer muss im Besitz eines g\u00fcltigen F\u00fchrerscheins sein, der vor mindestens einem Jahr ausgestellt wurde. B\u00fcrger aus nicht EU-L\u00e4ndern ben\u00f6tigen einen internationalen F\u00fchrerschein.<\/p>\n\t\t\t\t\t\t\t\t\t\t\t<\/div>\n\t\t\t\t<\/div>\n\t\t\t\t\t\t\t\n\t\t\t\t\n\t\t\t\t<div class=\"wd-accordion-item\">\n\t\t\t\t\t<div class=\"wd-accordion-title font-primary wd-fontsize-s text-left wd-opener-pos-left wd-font-weight-600\" data-accordion-index=\"2\">\n\t\t\t\t\t\t<div class=\"wd-accordion-title-text\">\n\t\t\t\t\t\t\t\t\t\t\t\t\t\t<span>\n\t\t\t\t\t\t\t\tArt der Zahlung:\t\t\t\t\t\t\t<\/span>\n\t\t\t\t\t\t<\/div>\n\t\t\t\t\t\t<span class=\"wd-accordion-opener wd-opener-style-plus\"><\/span>\n\t\t\t\t\t<\/div>\n\n\t\t\t\t\t<div class=\"wd-accordion-content reset-last-child\" data-accordion-index=\"2\">\n\t\t\t\t\t\t\t\t\t\t\t\t\t\n<ul>\n<li>Bei \u00dcbernahme des Pkw ist der Mietbetrag zu entrichten. MasterCar akzeptiert die Zahlung mit cash, mit ec-Karte oder mit Kreditkarte (Visa, MasterCard).<\/li>\n<\/ul>\n\t\t\t\t\t\t\t\t\t\t\t<\/div>\n\t\t\t\t<\/div>\n\t\t\t\t\t\t\t\n\t\t\t\t\n\t\t\t\t<div class=\"wd-accordion-item\">\n\t\t\t\t\t<div class=\"wd-accordion-title font-primary wd-fontsize-s text-left wd-opener-pos-left wd-font-weight-600\" data-accordion-index=\"3\">\n\t\t\t\t\t\t<div class=\"wd-accordion-title-text\">\n\t\t\t\t\t\t\t\t\t\t\t\t\t\t<span>\n\t\t\t\t\t\t\t\t\u00dcbernahme und \/ oder R\u00fcckgabe au\u00dferhalb der Gesch\u00e4ftszeiten\t\t\t\t\t\t\t<\/span>\n\t\t\t\t\t\t<\/div>\n\t\t\t\t\t\t<span class=\"wd-accordion-opener wd-opener-style-plus\"><\/span>\n\t\t\t\t\t<\/div>\n\n\t\t\t\t\t<div class=\"wd-accordion-content reset-last-child\" data-accordion-index=\"3\">\n\t\t\t\t\t\t\t\t\t\t\t\t\t\n<ul>\n<li>Bei Annahme und\/oder Abgabe des Mietwagens von der Autovermietung MasterCar zwischen 23.00 Uhr und 07.00 Uhr wird ein Nachttarif von 10,- Euro pro Termin erhoben.<\/li>\n<\/ul>\n\t\t\t\t\t\t\t\t\t\t\t<\/div>\n\t\t\t\t<\/div>\n\t\t\t\t\t\t\t\n\t\t\t\t\n\t\t\t\t<div class=\"wd-accordion-item\">\n\t\t\t\t\t<div class=\"wd-accordion-title font-primary wd-fontsize-s text-left wd-opener-pos-left wd-font-weight-600\" data-accordion-index=\"4\">\n\t\t\t\t\t\t<div class=\"wd-accordion-title-text\">\n\t\t\t\t\t\t\t\t\t\t\t\t\t\t<span>\n\t\t\t\t\t\t\t\tVon der Versicherung ist folgendes ausgeschlossen:\t\t\t\t\t\t\t<\/span>\n\t\t\t\t\t\t<\/div>\n\t\t\t\t\t\t<span class=\"wd-accordion-opener wd-opener-style-plus\"><\/span>\n\t\t\t\t\t<\/div>\n\n\t\t\t\t\t<div class=\"wd-accordion-content reset-last-child\" data-accordion-index=\"4\">\n\t\t\t\t\t\t\t\t\t\t\t\t\t\n<ul>\n<li>Sch\u00e4den am Unterboden und an den Reifen des Mietwagens, welche durch Fahren des Wagens auf nicht asphaltierten Strassen entstehen, das hei\u00dft durch absichtliches Off Road fahren.<\/li>\n<li>Sch\u00e4den, welche durch Fahren unter Einfluss von Drogen, Medikamenten oder Alkohol verursacht werden.<\/li>\n<li>Sch\u00e4den, durch Fahren des Mietwagens von Personen, die nach dem Mietvertrag keine Berechtigung dazu haben.<\/li>\n<li><\/li>\n<\/ul>\n\t\t\t\t\t\t\t\t\t\t\t<\/div>\n\t\t\t\t<\/div>\n\t\t\t\t\t\t\t\n\t\t\t\t\n\t\t\t\t<div class=\"wd-accordion-item\">\n\t\t\t\t\t<div class=\"wd-accordion-title font-primary wd-fontsize-s text-left wd-opener-pos-left wd-font-weight-600\" data-accordion-index=\"5\">\n\t\t\t\t\t\t<div class=\"wd-accordion-title-text\">\n\t\t\t\t\t\t\t\t\t\t\t\t\t\t<span>\n\t\t\t\t\t\t\t\tVerschiffung:\t\t\t\t\t\t\t<\/span>\n\t\t\t\t\t\t<\/div>\n\t\t\t\t\t\t<span class=\"wd-accordion-opener wd-opener-style-plus\"><\/span>\n\t\t\t\t\t<\/div>\n\n\t\t\t\t\t<div class=\"wd-accordion-content reset-last-child\" data-accordion-index=\"5\">\n\t\t\t\t\t\t\t\t\t\t\t\t\t\n<ul>\n<li>Die \u00dcberfahrt auf eine der griechischen Inseln ist erlaubt, ben\u00f6tigt jedoch die schriftliche Erlaubnis von MasterCar. Daher bitte immer die Autovermietung informieren.<\/li>\n<\/ul>\n\t\t\t\t\t\t\t\t\t\t\t<\/div>\n\t\t\t\t<\/div>\n\t\t\t\t\t\t\t\n\t\t\t\t\n\t\t\t\t<div class=\"wd-accordion-item\">\n\t\t\t\t\t<div class=\"wd-accordion-title font-primary wd-fontsize-s text-left wd-opener-pos-left wd-font-weight-600\" data-accordion-index=\"6\">\n\t\t\t\t\t\t<div class=\"wd-accordion-title-text\">\n\t\t\t\t\t\t\t\t\t\t\t\t\t\t<span>\n\t\t\t\t\t\t\t\tUnsere g\u00fcnstigen Preise beinhalten:\t\t\t\t\t\t\t<\/span>\n\t\t\t\t\t\t<\/div>\n\t\t\t\t\t\t<span class=\"wd-accordion-opener wd-opener-style-plus\"><\/span>\n\t\t\t\t\t<\/div>\n\n\t\t\t\t\t<div class=\"wd-accordion-content reset-last-child\" data-accordion-index=\"6\">\n\t\t\t\t\t\t\t\t\t\t\t\t\t\n<table style=\"height: 34px;\" width=\"770\">\n<tbody>\n<tr>\n<td><strong>Preiswert Service:\u00a0 \u00a0 \u00a0 \u00a0 \u00a0 \u00a0 \u00a0 \u00a0 \u00a0 \u00a0 \u00a0\u00a0<\/strong><\/td>\n<td><strong>Komplette Leistungen:<\/strong><\/td>\n<\/tr>\n<\/tbody>\n<\/table>\n<table>\n<tbody>\n<tr>\n<td>\n<ul>\n<li>Unbegrenzte Kilometer<\/li>\n<li>Kindersitze und Sitzschalen auf Wunsch<\/li>\n<li>Steuern<\/li>\n<li>24h Road -Service \/ Unfallhilfe in ganz Griechenland<\/li>\n<li>Annahme und Abgabe am Flughafen von Thessaloniki<br \/>\nVERSICHERUNGEN INKLUSIVE:<\/li>\n<li>SCDW (Super CDW), Vollkasko mit \u20ac 500 Selbstbeteiligung f\u00fcr Kat. A bis C, \u20ac 700 Selbstbeteiligung f\u00fcr Kat. D bis Cabrio und \u20ac 900 f\u00fcr Minibus (deckt unbemerkte Sch\u00e4den ab und Sch\u00e4den, welche aus Versehen am Fahrzeug verursacht wurden<\/li>\n<li>LDW (Loss Damage Waiver), f\u00fcr Sch\u00e4den am Mietwagen bei Diebstahl (ausgenommen Privatgegenst\u00e4nde) und Vandalismus Vollkasko mit \u20ac 500 Selbstbeteiligung f\u00fcr Kat. A bis C, \u20ac 700 Selbstbeteiligung f\u00fcr Kat. D bis Cabrio und \u20ac 900 f\u00fcr Minibus<\/li>\n<li>Feuerversicherung ohne Selbstbeteiligung<\/li>\n<li>Haftpflichtversicherung\n<ul>\n<li>bei k\u00f6rperlichen Sch\u00e4den gegen\u00fcber dritten Personen bis zu \u20ac 1.000.000 (staatlich festgelegt)<\/li>\n<li>bei Sachsch\u00e4den gegen\u00fcber dritten Personen bis zu \u20ac 1.000.000 (staatlich festgelegt)<\/li>\n<\/ul>\n<\/li>\n<\/ul>\n<\/td>\n<td>\n<ul>\n<li>Unbegrenzte Kilometer<\/li>\n<li>Kindersitze und Sitzschalen auf Wunsch<\/li>\n<li>Steuern<\/li>\n<li>24h Road -Service \/ Unfallhilfe in ganz Griechenland<\/li>\n<li>Eintrag eines zweiten Fahrers in den Vertrag<\/li>\n<li>Annahme und Abgabe am Flughafen von Thessaloniki<br \/>\nVERSICHERUNGEN INKLUSIVE:<\/li>\n<li>SCDW (Super CDW), Vollkasko ohne Selbstbeteiligung (deckt unbemerkte Sch\u00e4den ab und Sch\u00e4den, welche aus Versehen am Fahrzeug verursacht wurden<\/li>\n<li>STP (Super Theft Protection), Diebstahlversicherung ohne Selbstbeteiligung<\/li>\n<li>PAI (Personal Accident Insurance), Insassenversicherung bei Verletzung oder Tod (ausgenommen der Fahrer) bis zu \u20ac 500.000<\/li>\n<li>Feuerversicherung ohne Selbstbeteiligung<\/li>\n<li>Haftpflichtversicherung\n<ul>\n<li>bei k\u00f6rperlichen Sch\u00e4den gegen\u00fcber dritten Personen bis zu \u20ac 1.000.000 (staatlich festgelegt)<\/li>\n<li>bei Sachsch\u00e4den gegen\u00fcber dritten Personen bis zu \u20ac 1.000.000 (staatlich festgelegt)<\/li>\n<\/ul>\n<\/li>\n<li>Glasbruch, Dach, Spiegel und Antenne<\/li>\n<\/ul>\n<\/td>\n<\/tr>\n<\/tbody>\n<\/table>\n\t\t\t\t\t\t\t\t\t\t\t<\/div>\n\t\t\t\t<\/div>\n\t\t\t\t\t\t\t\n\t\t\t\t\n\t\t\t\t<div class=\"wd-accordion-item\">\n\t\t\t\t\t<div class=\"wd-accordion-title font-primary wd-fontsize-s text-left wd-opener-pos-left wd-font-weight-600\" data-accordion-index=\"7\">\n\t\t\t\t\t\t<div class=\"wd-accordion-title-text\">\n\t\t\t\t\t\t\t\t\t\t\t\t\t\t<span>\n\t\t\t\t\t\t\t\tEinwegmiete:\t\t\t\t\t\t\t<\/span>\n\t\t\t\t\t\t<\/div>\n\t\t\t\t\t\t<span class=\"wd-accordion-opener wd-opener-style-plus\"><\/span>\n\t\t\t\t\t<\/div>\n\n\t\t\t\t\t<div class=\"wd-accordion-content reset-last-child\" data-accordion-index=\"7\">\n\t\t\t\t\t\t\t\t\t\t\t\t\t\n<ul>\n<li>MasterCar Chalkidiki Autovermietung bietet Zustell- und Abholservices an anderen Stationen gegen eine zus\u00e4tzliche Geb\u00fchr an. Die Abholung des Mietwagens am Flughafen Thessaloniki und die Zustellung an unserer zweiten Station in Sarti Chalkidiki kosten 80 \u20ac f\u00fcr Mietzeitr\u00e4ume von 7 Tagen.<br \/>\nDie Abholung des Mietwagens von unserer zweiten Station in Sarti Chalkidiki und die Zustellung am Flughafen Thessaloniki kosten ebenfalls 80 \u20ac f\u00fcr Mietzeitr\u00e4ume von 7 Tagen.<\/li>\n<\/ul>\n\t\t\t\t\t\t\t\t\t\t\t<\/div>\n\t\t\t\t<\/div>\n\t\t\t\t\t\t\t\n\t\t\t\t\n\t\t\t\t<div class=\"wd-accordion-item\">\n\t\t\t\t\t<div class=\"wd-accordion-title font-primary wd-fontsize-s text-left wd-opener-pos-left wd-font-weight-600\" data-accordion-index=\"8\">\n\t\t\t\t\t\t<div class=\"wd-accordion-title-text\">\n\t\t\t\t\t\t\t\t\t\t\t\t\t\t<span>\n\t\t\t\t\t\t\t\tStorno:\t\t\t\t\t\t\t<\/span>\n\t\t\t\t\t\t<\/div>\n\t\t\t\t\t\t<span class=\"wd-accordion-opener wd-opener-style-plus\"><\/span>\n\t\t\t\t\t<\/div>\n\n\t\t\t\t\t<div class=\"wd-accordion-content reset-last-child\" data-accordion-index=\"8\">\n\t\t\t\t\t\t\t\t\t\t\t\t\t\n<ul>\n<li>Bei Stornierung mindestens 5 Tage vor Mietbeginn fallen keine Kosten an. Eine get\u00e4tigte Anzahlung wird von der Autovermietung MasterCar zur\u00fcck \u00fcberwiesen. Bei kurzfristigen Stornierungen, weniger als 5 Tage vor Mietbeginn, wird die Anzahlung nicht zur\u00fcckerstattet.Es werden keine R\u00fcckzahlungen get\u00e4tigt, bei Stornierungen nach dem Mietbeginn. Ebenso k\u00f6nnen keine R\u00fcckzahlungen vorgenommen werden, bei nicht Erscheinen am vereinbarten Termin und Ort oder bei nicht Mitf\u00fchren der ben\u00f6tigten Dokumente (F\u00fchrerschein und Personalausweis).Eine Stornierung sollte immer schriftlich vorgenommen werden (per E-Mail an die Autovermietung unter:\u00a0<span id=\"cloake50f011ba0dc585b64bdd9bb2d5cb4af\"><a href=\"mailto:info@mastercar-greece.com\">info@mastercar-greece.com<\/a><\/span>).Andernfalls bitte telefonisch unter der Rufnummer: +30 23750 94402. Die Stornierung gilt erst nach schriftlicher Best\u00e4tigung durch die Autovermietung MasterCar.<\/li>\n<\/ul>\n\t\t\t\t\t\t\t\t\t\t\t<\/div>\n\t\t\t\t<\/div>\n\t\t\t\t\t\t\t\n\t\t\t\t\n\t\t\t\t<div class=\"wd-accordion-item\">\n\t\t\t\t\t<div class=\"wd-accordion-title font-primary wd-fontsize-s text-left wd-opener-pos-left wd-font-weight-600\" data-accordion-index=\"9\">\n\t\t\t\t\t\t<div class=\"wd-accordion-title-text\">\n\t\t\t\t\t\t\t\t\t\t\t\t\t\t<span>\n\t\t\t\t\t\t\t\tGrenz\u00fcberschreitung:\t\t\t\t\t\t\t<\/span>\n\t\t\t\t\t\t<\/div>\n\t\t\t\t\t\t<span class=\"wd-accordion-opener wd-opener-style-plus\"><\/span>\n\t\t\t\t\t<\/div>\n\n\t\t\t\t\t<div class=\"wd-accordion-content reset-last-child\" data-accordion-index=\"9\">\n\t\t\t\t\t\t\t\t\t\t\t\t\t\n<ul>\n<li>Die \u00dcberfahrt einer Grenze in ein anderes Land ist mit den Mietwagen der Autovermietung MasterCar nicht erlaubt.<\/li>\n<\/ul>\n\t\t\t\t\t\t\t\t\t\t\t<\/div>\n\t\t\t\t<\/div>\n\t\t\t\t\t\t\t\t\t\t\t\t\t\t<\/div>\n\n\t\t[\/vc_column][\/vc_row][vc_row full_width=&#8220;stretch_row&#8220; content_placement=&#8220;middle&#8220; parallax=&#8220;content-moving-fade&#8220; parallax_image=&#8220;9496&#8243; woodmart_stretch_content=&#8220;section-stretch&#8220; woodmart_bg_position=&#8220;center-center&#8220; css=&#8220;.vc_custom_1700211934350{padding-top: 80px !important;padding-bottom: 80px !important;background-image: url(https:\/\/mastercar-greece.com\/wp-content\/uploads\/2023\/11\/Mastercar-Rental-Terms.webp?id=9499) !important;background-position: center;background-repeat: no-repeat !important;background-size: cover !important;}&#8220; woodmart_css_id=&#8220;65572cd2e518c&#8220; responsive_spacing=&#8220;eyJwYXJhbV90eXBlIjoid29vZG1hcnRfcmVzcG9uc2l2ZV9zcGFjaW5nIiwic2VsZWN0b3JfaWQiOiI2NTU3MmNkMmU1MThjIiwic2hvcnRjb2RlIjoidmNfcm93IiwiZGF0YSI6eyJ0YWJsZXQiOnt9LCJtb2JpbGUiOnt9fX0=&#8220; mobile_bg_img_hidden=&#8220;no&#8220; tablet_bg_img_hidden=&#8220;no&#8220; woodmart_parallax=&#8220;0&#8243; woodmart_gradient_switch=&#8220;no&#8220; woodmart_box_shadow=&#8220;no&#8220; wd_z_index=&#8220;no&#8220; woodmart_disable_overflow=&#8220;0&#8243; row_reverse_mobile=&#8220;0&#8243; row_reverse_tablet=&#8220;0&#8243;][vc_column]\n\t\t<div id=\"wd-6557294f890e3\" class=\"title-wrapper wd-wpb set-mb-s reset-last-child  wd-rs-6557294f890e3 wd-title-color-alt wd-title-style-simple text-center vc_custom_1700211033362 wd-width-custom wd-underline-colored\">\n\t\t\t\t\t\t\t<div class=\"title-subtitle  subtitle-color-alt font-default subtitle-style-default wd-font-weight- wd-fontsize-xs\">AUTOVERMIETUNG THESSALONIKI HALKIDIKI FLUGHAFEN MIT VERTRAUENSW\u00dcRDIGEN NEUWAGEN UND G\u00dcNSTIGEN PREISEN.<\/div>\n\t\t\t\n\t\t\t<div class=\"liner-continer\">\n\t\t\t\t<h4 class=\"woodmart-title-container title  wd-font-weight- wd-fontsize-l\" >Autovermietung am Flughafen Thessaloniki und Chalkidiki<\/h4>\n\t\t\t\t\t\t\t<\/div>\n\t\t\t\n\t\t\t\n\t\t\t\n\t\t<\/div>\n\t\t\n\t\t[\/vc_column][\/vc_row]<\/p>\n<\/div>","protected":false},"excerpt":{"rendered":"<p>[vc_row woodmart_css_id=&#8220;6575e5464b805&#8243; responsive_spacing=&#8220;eyJwYXJhbV90eXBlIjoid29vZG1hcnRfcmVzcG9uc2l2ZV9zcGFjaW5nIiwic2VsZWN0b3JfaWQiOiI2NTc1ZTU0NjRiODA1Iiwic2hvcnRjb2RlIjoidmNfcm93IiwiZGF0YSI6eyJ0YWJsZXQiOnt9LCJtb2JpbGUiOnt9fX0=&#8220; mobile_bg_img_hidden=&#8220;no&#8220; tablet_bg_img_hidden=&#8220;no&#8220; woodmart_parallax=&#8220;0&#8243; woodmart_gradient_switch=&#8220;no&#8220; woodmart_box_shadow=&#8220;no&#8220; wd_z_index=&#8220;no&#8220; woodmart_disable_overflow=&#8220;0&#8243; row_reverse_mobile=&#8220;0&#8243; row_reverse_tablet=&#8220;0&#8243;][vc_column][\/vc_column][\/vc_row][vc_row full_width=&#8220;stretch_row&#8220; content_placement=&#8220;middle&#8220; parallax=&#8220;content-moving-fade&#8220; parallax_image=&#8220;9496&#8243; woodmart_stretch_content=&#8220;section-stretch&#8220; woodmart_bg_position=&#8220;center-center&#8220; css=&#8220;.vc_custom_1700211934350{padding-top: 80px<\/p>\n","protected":false},"author":1,"featured_media":0,"parent":0,"menu_order":0,"comment_status":"closed","ping_status":"closed","template":"","meta":{"footnotes":""},"class_list":["post-16321","page","type-page","status-publish","hentry"],"yoast_head":"<!-- This site is optimized with the Yoast SEO plugin v27.3 - https:\/\/yoast.com\/product\/yoast-seo-wordpress\/ -->\n<title>Mietbedingungen - MasterCar Greece<\/title>\n<meta name=\"robots\" content=\"index, follow, max-snippet:-1, max-image-preview:large, max-video-preview:-1\" \/>\n<link rel=\"canonical\" href=\"https:\/\/mastercar-greece.com\/de\/mietbedingungen\/\" \/>\n<meta property=\"og:locale\" content=\"de_DE\" \/>\n<meta property=\"og:type\" content=\"article\" \/>\n<meta property=\"og:title\" content=\"Mietbedingungen - MasterCar Greece\" \/>\n<meta property=\"og:description\" content=\"[vc_row woodmart_css_id=&#8220;6575e5464b805&#8243; responsive_spacing=&#8220;eyJwYXJhbV90eXBlIjoid29vZG1hcnRfcmVzcG9uc2l2ZV9zcGFjaW5nIiwic2VsZWN0b3JfaWQiOiI2NTc1ZTU0NjRiODA1Iiwic2hvcnRjb2RlIjoidmNfcm93IiwiZGF0YSI6eyJ0YWJsZXQiOnt9LCJtb2JpbGUiOnt9fX0=&#8220; mobile_bg_img_hidden=&#8220;no&#8220; tablet_bg_img_hidden=&#8220;no&#8220; woodmart_parallax=&#8220;0&#8243; woodmart_gradient_switch=&#8220;no&#8220; woodmart_box_shadow=&#8220;no&#8220; wd_z_index=&#8220;no&#8220; woodmart_disable_overflow=&#8220;0&#8243; row_reverse_mobile=&#8220;0&#8243; row_reverse_tablet=&#8220;0&#8243;][vc_column][\/vc_column][\/vc_row][vc_row full_width=&#8220;stretch_row&#8220; content_placement=&#8220;middle&#8220; parallax=&#8220;content-moving-fade&#8220; parallax_image=&#8220;9496&#8243; woodmart_stretch_content=&#8220;section-stretch&#8220; woodmart_bg_position=&#8220;center-center&#8220; css=&#8220;.vc_custom_1700211934350{padding-top: 80px\" \/>\n<meta property=\"og:url\" content=\"https:\/\/mastercar-greece.com\/de\/mietbedingungen\/\" \/>\n<meta property=\"og:site_name\" content=\"MasterCar Greece\" \/>\n<meta property=\"article:publisher\" content=\"https:\/\/www.facebook.com\/mastercargreece?locale=el_GR\" \/>\n<meta property=\"article:modified_time\" content=\"2026-01-09T20:20:27+00:00\" \/>\n<meta property=\"og:image\" content=\"https:\/\/mastercar-greece.com\/wp-content\/uploads\/2020\/01\/cropped-logo-favicon-mastercar-01-1-1.jpg\" \/>\n\t<meta property=\"og:image:width\" content=\"512\" \/>\n\t<meta property=\"og:image:height\" content=\"512\" \/>\n\t<meta property=\"og:image:type\" content=\"image\/jpeg\" \/>\n<meta name=\"twitter:card\" content=\"summary_large_image\" \/>\n<meta name=\"twitter:label1\" content=\"Gesch\u00e4tzte Lesezeit\" \/>\n\t<meta name=\"twitter:data1\" content=\"4\u00a0Minuten\" \/>\n<script type=\"application\/ld+json\" class=\"yoast-schema-graph\">{\"@context\":\"https:\\\/\\\/schema.org\",\"@graph\":[{\"@type\":\"WebPage\",\"@id\":\"https:\\\/\\\/mastercar-greece.com\\\/de\\\/mietbedingungen\\\/\",\"url\":\"https:\\\/\\\/mastercar-greece.com\\\/de\\\/mietbedingungen\\\/\",\"name\":\"Mietbedingungen - MasterCar Greece\",\"isPartOf\":{\"@id\":\"https:\\\/\\\/mastercar-greece.com\\\/de\\\/#website\"},\"datePublished\":\"2023-11-17T07:06:06+00:00\",\"dateModified\":\"2026-01-09T20:20:27+00:00\",\"breadcrumb\":{\"@id\":\"https:\\\/\\\/mastercar-greece.com\\\/de\\\/mietbedingungen\\\/#breadcrumb\"},\"inLanguage\":\"de\",\"potentialAction\":[{\"@type\":\"ReadAction\",\"target\":[\"https:\\\/\\\/mastercar-greece.com\\\/de\\\/mietbedingungen\\\/\"]}]},{\"@type\":\"BreadcrumbList\",\"@id\":\"https:\\\/\\\/mastercar-greece.com\\\/de\\\/mietbedingungen\\\/#breadcrumb\",\"itemListElement\":[{\"@type\":\"ListItem\",\"position\":1,\"name\":\"Home\",\"item\":\"https:\\\/\\\/mastercar-greece.com\\\/de\\\/\"},{\"@type\":\"ListItem\",\"position\":2,\"name\":\"Mietbedingungen\"}]},{\"@type\":\"WebSite\",\"@id\":\"https:\\\/\\\/mastercar-greece.com\\\/de\\\/#website\",\"url\":\"https:\\\/\\\/mastercar-greece.com\\\/de\\\/\",\"name\":\"MasterCar Creece\",\"description\":\"Rent a Car\",\"publisher\":{\"@id\":\"https:\\\/\\\/mastercar-greece.com\\\/de\\\/#organization\"},\"alternateName\":\"MasterCar Creece Rent a Car\",\"potentialAction\":[{\"@type\":\"SearchAction\",\"target\":{\"@type\":\"EntryPoint\",\"urlTemplate\":\"https:\\\/\\\/mastercar-greece.com\\\/de\\\/?s={search_term_string}\"},\"query-input\":{\"@type\":\"PropertyValueSpecification\",\"valueRequired\":true,\"valueName\":\"search_term_string\"}}],\"inLanguage\":\"de\"},{\"@type\":\"Organization\",\"@id\":\"https:\\\/\\\/mastercar-greece.com\\\/de\\\/#organization\",\"name\":\"MasterCar Rental Greece\",\"alternateName\":\"Rent a Car Master Car Greece\",\"url\":\"https:\\\/\\\/mastercar-greece.com\\\/de\\\/\",\"logo\":{\"@type\":\"ImageObject\",\"inLanguage\":\"de\",\"@id\":\"https:\\\/\\\/mastercar-greece.com\\\/de\\\/#\\\/schema\\\/logo\\\/image\\\/\",\"url\":\"https:\\\/\\\/mastercar-greece.com\\\/wp-content\\\/uploads\\\/2020\\\/01\\\/cropped-logo-favicon-mastercar-01-1-1.jpg\",\"contentUrl\":\"https:\\\/\\\/mastercar-greece.com\\\/wp-content\\\/uploads\\\/2020\\\/01\\\/cropped-logo-favicon-mastercar-01-1-1.jpg\",\"width\":512,\"height\":512,\"caption\":\"MasterCar Rental Greece\"},\"image\":{\"@id\":\"https:\\\/\\\/mastercar-greece.com\\\/de\\\/#\\\/schema\\\/logo\\\/image\\\/\"},\"sameAs\":[\"https:\\\/\\\/www.facebook.com\\\/mastercargreece?locale=el_GR\",\"https:\\\/\\\/www.instagram.com\\\/maditadv\\\/\"]}]}<\/script>\n<!-- \/ Yoast SEO plugin. -->","yoast_head_json":{"title":"Mietbedingungen - MasterCar Greece","robots":{"index":"index","follow":"follow","max-snippet":"max-snippet:-1","max-image-preview":"max-image-preview:large","max-video-preview":"max-video-preview:-1"},"canonical":"https:\/\/mastercar-greece.com\/de\/mietbedingungen\/","og_locale":"de_DE","og_type":"article","og_title":"Mietbedingungen - MasterCar Greece","og_description":"[vc_row woodmart_css_id=&#8220;6575e5464b805&#8243; responsive_spacing=&#8220;eyJwYXJhbV90eXBlIjoid29vZG1hcnRfcmVzcG9uc2l2ZV9zcGFjaW5nIiwic2VsZWN0b3JfaWQiOiI2NTc1ZTU0NjRiODA1Iiwic2hvcnRjb2RlIjoidmNfcm93IiwiZGF0YSI6eyJ0YWJsZXQiOnt9LCJtb2JpbGUiOnt9fX0=&#8220; mobile_bg_img_hidden=&#8220;no&#8220; tablet_bg_img_hidden=&#8220;no&#8220; woodmart_parallax=&#8220;0&#8243; woodmart_gradient_switch=&#8220;no&#8220; woodmart_box_shadow=&#8220;no&#8220; wd_z_index=&#8220;no&#8220; woodmart_disable_overflow=&#8220;0&#8243; row_reverse_mobile=&#8220;0&#8243; row_reverse_tablet=&#8220;0&#8243;][vc_column][\/vc_column][\/vc_row][vc_row full_width=&#8220;stretch_row&#8220; content_placement=&#8220;middle&#8220; parallax=&#8220;content-moving-fade&#8220; parallax_image=&#8220;9496&#8243; woodmart_stretch_content=&#8220;section-stretch&#8220; woodmart_bg_position=&#8220;center-center&#8220; css=&#8220;.vc_custom_1700211934350{padding-top: 80px","og_url":"https:\/\/mastercar-greece.com\/de\/mietbedingungen\/","og_site_name":"MasterCar Greece","article_publisher":"https:\/\/www.facebook.com\/mastercargreece?locale=el_GR","article_modified_time":"2026-01-09T20:20:27+00:00","og_image":[{"width":512,"height":512,"url":"https:\/\/mastercar-greece.com\/wp-content\/uploads\/2020\/01\/cropped-logo-favicon-mastercar-01-1-1.jpg","type":"image\/jpeg"}],"twitter_card":"summary_large_image","twitter_misc":{"Gesch\u00e4tzte Lesezeit":"4\u00a0Minuten"},"schema":{"@context":"https:\/\/schema.org","@graph":[{"@type":"WebPage","@id":"https:\/\/mastercar-greece.com\/de\/mietbedingungen\/","url":"https:\/\/mastercar-greece.com\/de\/mietbedingungen\/","name":"Mietbedingungen - MasterCar Greece","isPartOf":{"@id":"https:\/\/mastercar-greece.com\/de\/#website"},"datePublished":"2023-11-17T07:06:06+00:00","dateModified":"2026-01-09T20:20:27+00:00","breadcrumb":{"@id":"https:\/\/mastercar-greece.com\/de\/mietbedingungen\/#breadcrumb"},"inLanguage":"de","potentialAction":[{"@type":"ReadAction","target":["https:\/\/mastercar-greece.com\/de\/mietbedingungen\/"]}]},{"@type":"BreadcrumbList","@id":"https:\/\/mastercar-greece.com\/de\/mietbedingungen\/#breadcrumb","itemListElement":[{"@type":"ListItem","position":1,"name":"Home","item":"https:\/\/mastercar-greece.com\/de\/"},{"@type":"ListItem","position":2,"name":"Mietbedingungen"}]},{"@type":"WebSite","@id":"https:\/\/mastercar-greece.com\/de\/#website","url":"https:\/\/mastercar-greece.com\/de\/","name":"MasterCar Creece","description":"Rent a Car","publisher":{"@id":"https:\/\/mastercar-greece.com\/de\/#organization"},"alternateName":"MasterCar Creece Rent a Car","potentialAction":[{"@type":"SearchAction","target":{"@type":"EntryPoint","urlTemplate":"https:\/\/mastercar-greece.com\/de\/?s={search_term_string}"},"query-input":{"@type":"PropertyValueSpecification","valueRequired":true,"valueName":"search_term_string"}}],"inLanguage":"de"},{"@type":"Organization","@id":"https:\/\/mastercar-greece.com\/de\/#organization","name":"MasterCar Rental Greece","alternateName":"Rent a Car Master Car Greece","url":"https:\/\/mastercar-greece.com\/de\/","logo":{"@type":"ImageObject","inLanguage":"de","@id":"https:\/\/mastercar-greece.com\/de\/#\/schema\/logo\/image\/","url":"https:\/\/mastercar-greece.com\/wp-content\/uploads\/2020\/01\/cropped-logo-favicon-mastercar-01-1-1.jpg","contentUrl":"https:\/\/mastercar-greece.com\/wp-content\/uploads\/2020\/01\/cropped-logo-favicon-mastercar-01-1-1.jpg","width":512,"height":512,"caption":"MasterCar Rental Greece"},"image":{"@id":"https:\/\/mastercar-greece.com\/de\/#\/schema\/logo\/image\/"},"sameAs":["https:\/\/www.facebook.com\/mastercargreece?locale=el_GR","https:\/\/www.instagram.com\/maditadv\/"]}]}},"_links":{"self":[{"href":"https:\/\/mastercar-greece.com\/de\/wp-json\/wp\/v2\/pages\/16321","targetHints":{"allow":["GET"]}}],"collection":[{"href":"https:\/\/mastercar-greece.com\/de\/wp-json\/wp\/v2\/pages"}],"about":[{"href":"https:\/\/mastercar-greece.com\/de\/wp-json\/wp\/v2\/types\/page"}],"author":[{"embeddable":true,"href":"https:\/\/mastercar-greece.com\/de\/wp-json\/wp\/v2\/users\/1"}],"replies":[{"embeddable":true,"href":"https:\/\/mastercar-greece.com\/de\/wp-json\/wp\/v2\/comments?post=16321"}],"version-history":[{"count":6,"href":"https:\/\/mastercar-greece.com\/de\/wp-json\/wp\/v2\/pages\/16321\/revisions"}],"predecessor-version":[{"id":17182,"href":"https:\/\/mastercar-greece.com\/de\/wp-json\/wp\/v2\/pages\/16321\/revisions\/17182"}],"wp:attachment":[{"href":"https:\/\/mastercar-greece.com\/de\/wp-json\/wp\/v2\/media?parent=16321"}],"curies":[{"name":"wp","href":"https:\/\/api.w.org\/{rel}","templated":true}]}}